{"id":1810,"date":"2022-03-30T21:43:26","date_gmt":"2022-03-30T19:43:26","guid":{"rendered":"https:\/\/www.branypo.sk\/?page_id=1810"},"modified":"2023-05-11T08:58:00","modified_gmt":"2023-05-11T06:58:00","slug":"nasa-praca","status":"publish","type":"page","link":"https:\/\/www.branypo.sk\/index.php\/nasa-praca\/","title":{"rendered":"Na\u0161a pr\u00e1ca"},"content":{"rendered":"\t\t<div data-elementor-type=\"wp-page\" data-elementor-id=\"1810\" class=\"elementor elementor-1810\">\n\t\t\t\t\t\t<section class=\"elementor-section elementor-top-section elementor-element elementor-element-29f153e elementor-section-boxed elementor-section-height-default elementor-section-height-default wpr-particle-no wpr-jarallax-no wpr-parallax-no wpr-sticky-section-no\" data-id=\"29f153e\" data-element_type=\"section\">\n\t\t\t\t\t\t<div class=\"elementor-container elementor-column-gap-default\">\n\t\t\t\t\t<div class=\"elementor-column elementor-col-100 elementor-top-column elementor-element elementor-element-0a872da\" data-id=\"0a872da\" data-element_type=\"column\">\n\t\t\t<div class=\"elementor-widget-wrap elementor-element-populated\">\n\t\t\t\t\t\t<div class=\"elementor-element elementor-element-812c1c5 elementor-widget elementor-widget-text-editor\" data-id=\"812c1c5\" data-element_type=\"widget\" data-widget_type=\"text-editor.default\">\n\t\t\t\t<div class=\"elementor-widget-container\">\n\t\t\t\t\t\t\t\t\t<h3>Uk\u00e1\u017eka na\u0161ich pr\u00e1c<\/h3>\t\t\t\t\t\t\t\t<\/div>\n\t\t\t\t<\/div>\n\t\t\t\t<div class=\"elementor-element elementor-element-167cb86 elementor-widget elementor-widget-gallery\" data-id=\"167cb86\" data-element_type=\"widget\" data-settings=\"{&quot;gallery_layout&quot;:&quot;masonry&quot;,&quot;lazyload&quot;:&quot;yes&quot;,&quot;columns&quot;:4,&quot;columns_tablet&quot;:2,&quot;columns_mobile&quot;:1,&quot;gap&quot;:{&quot;unit&quot;:&quot;px&quot;,&quot;size&quot;:10,&quot;sizes&quot;:[]},&quot;gap_tablet&quot;:{&quot;unit&quot;:&quot;px&quot;,&quot;size&quot;:10,&quot;sizes&quot;:[]},&quot;gap_mobile&quot;:{&quot;unit&quot;:&quot;px&quot;,&quot;size&quot;:10,&quot;sizes&quot;:[]},&quot;link_to&quot;:&quot;file&quot;,&quot;overlay_background&quot;:&quot;yes&quot;,&quot;content_hover_animation&quot;:&quot;fade-in&quot;}\" data-widget_type=\"gallery.default\">\n\t\t\t\t<div class=\"elementor-widget-container\">\n\t\t\t\t\t\t\t<div class=\"elementor-gallery__container\">\n\t\t\t\t\t\t\t<a class=\"e-gallery-item elementor-gallery-item elementor-animated-content\" href=\"https:\/\/www.branypo.sk\/wp-content\/uploads\/2022\/03\/pexels-daniel-frank-1111766.jpg\" data-elementor-open-lightbox=\"yes\" data-elementor-lightbox-slideshow=\"all-167cb86\" data-elementor-lightbox-title=\"pexels-daniel-frank-1111766\" data-e-action-hash=\"#elementor-action%3Aaction%3Dlightbox%26settings%3DeyJpZCI6MTgyNCwidXJsIjoiaHR0cHM6XC9cL3d3dy5icmFueXBvLnNrXC93cC1jb250ZW50XC91cGxvYWRzXC8yMDIyXC8wM1wvcGV4ZWxzLWRhbmllbC1mcmFuay0xMTExNzY2LmpwZyIsInNsaWRlc2hvdyI6ImFsbC0xNjdjYjg2In0%3D\">\n\t\t\t\t\t<div class=\"e-gallery-image elementor-gallery-item__image\" data-thumbnail=\"https:\/\/www.branypo.sk\/wp-content\/uploads\/2022\/03\/pexels-daniel-frank-1111766-300x225.jpg\" data-width=\"300\" data-height=\"225\" alt=\"\" ><\/div>\n\t\t\t\t\t\t\t\t\t\t\t<div class=\"elementor-gallery-item__overlay\"><\/div>\n\t\t\t\t\t\t\t\t\t\t\t\t\t\t<\/a>\n\t\t\t\t\t\t\t<a class=\"e-gallery-item elementor-gallery-item elementor-animated-content\" href=\"https:\/\/www.branypo.sk\/wp-content\/uploads\/2022\/03\/pexels-max-vakhtbovych-8134848.jpg\" data-elementor-open-lightbox=\"yes\" data-elementor-lightbox-slideshow=\"all-167cb86\" data-elementor-lightbox-title=\"pexels-max-vakhtbovych-8134848\" data-e-action-hash=\"#elementor-action%3Aaction%3Dlightbox%26settings%3DeyJpZCI6MTgzMCwidXJsIjoiaHR0cHM6XC9cL3d3dy5icmFueXBvLnNrXC93cC1jb250ZW50XC91cGxvYWRzXC8yMDIyXC8wM1wvcGV4ZWxzLW1heC12YWtodGJvdnljaC04MTM0ODQ4LmpwZyIsInNsaWRlc2hvdyI6ImFsbC0xNjdjYjg2In0%3D\">\n\t\t\t\t\t<div class=\"e-gallery-image elementor-gallery-item__image\" data-thumbnail=\"https:\/\/www.branypo.sk\/wp-content\/uploads\/2022\/03\/pexels-max-vakhtbovych-8134848-300x200.jpg\" data-width=\"300\" data-height=\"200\" alt=\"\" ><\/div>\n\t\t\t\t\t\t\t\t\t\t\t<div class=\"elementor-gallery-item__overlay\"><\/div>\n\t\t\t\t\t\t\t\t\t\t\t\t\t\t<\/a>\n\t\t\t\t\t\t\t<a class=\"e-gallery-item elementor-gallery-item elementor-animated-content\" href=\"https:\/\/www.branypo.sk\/wp-content\/uploads\/2023\/05\/garage-door-home-owner-and-renovator-4.jpg\" data-elementor-open-lightbox=\"yes\" data-elementor-lightbox-slideshow=\"all-167cb86\" data-elementor-lightbox-title=\"garage-door-home-owner-and-renovator-4\" data-e-action-hash=\"#elementor-action%3Aaction%3Dlightbox%26settings%3DeyJpZCI6MjA2NiwidXJsIjoiaHR0cHM6XC9cL3d3dy5icmFueXBvLnNrXC93cC1jb250ZW50XC91cGxvYWRzXC8yMDIzXC8wNVwvZ2FyYWdlLWRvb3ItaG9tZS1vd25lci1hbmQtcmVub3ZhdG9yLTQuanBnIiwic2xpZGVzaG93IjoiYWxsLTE2N2NiODYifQ%3D%3D\">\n\t\t\t\t\t<div class=\"e-gallery-image elementor-gallery-item__image\" data-thumbnail=\"https:\/\/www.branypo.sk\/wp-content\/uploads\/2023\/05\/garage-door-home-owner-and-renovator-4-212x300.jpg\" data-width=\"212\" data-height=\"300\" alt=\"\" ><\/div>\n\t\t\t\t\t\t\t\t\t\t\t<div class=\"elementor-gallery-item__overlay\"><\/div>\n\t\t\t\t\t\t\t\t\t\t\t\t\t\t<\/a>\n\t\t\t\t\t\t\t<a class=\"e-gallery-item elementor-gallery-item elementor-animated-content\" href=\"https:\/\/www.branypo.sk\/wp-content\/uploads\/2023\/05\/garage-door-home-owner-and-renovator-7.jpg\" data-elementor-open-lightbox=\"yes\" data-elementor-lightbox-slideshow=\"all-167cb86\" data-elementor-lightbox-title=\"garage-door-home-owner-and-renovator-7\" data-e-action-hash=\"#elementor-action%3Aaction%3Dlightbox%26settings%3DeyJpZCI6MjA2NywidXJsIjoiaHR0cHM6XC9cL3d3dy5icmFueXBvLnNrXC93cC1jb250ZW50XC91cGxvYWRzXC8yMDIzXC8wNVwvZ2FyYWdlLWRvb3ItaG9tZS1vd25lci1hbmQtcmVub3ZhdG9yLTcuanBnIiwic2xpZGVzaG93IjoiYWxsLTE2N2NiODYifQ%3D%3D\">\n\t\t\t\t\t<div class=\"e-gallery-image elementor-gallery-item__image\" data-thumbnail=\"https:\/\/www.branypo.sk\/wp-content\/uploads\/2023\/05\/garage-door-home-owner-and-renovator-7-300x211.jpg\" data-width=\"300\" data-height=\"211\" alt=\"\" ><\/div>\n\t\t\t\t\t\t\t\t\t\t\t<div class=\"elementor-gallery-item__overlay\"><\/div>\n\t\t\t\t\t\t\t\t\t\t\t\t\t\t<\/a>\n\t\t\t\t\t\t\t<a class=\"e-gallery-item elementor-gallery-item elementor-animated-content\" href=\"https:\/\/www.branypo.sk\/wp-content\/uploads\/2023\/05\/garage-door-home-owner-and-renovator-5.jpg\" data-elementor-open-lightbox=\"yes\" data-elementor-lightbox-slideshow=\"all-167cb86\" data-elementor-lightbox-title=\"garage-door-home-owner-and-renovator-5\" data-e-action-hash=\"#elementor-action%3Aaction%3Dlightbox%26settings%3DeyJpZCI6MjA2OCwidXJsIjoiaHR0cHM6XC9cL3d3dy5icmFueXBvLnNrXC93cC1jb250ZW50XC91cGxvYWRzXC8yMDIzXC8wNVwvZ2FyYWdlLWRvb3ItaG9tZS1vd25lci1hbmQtcmVub3ZhdG9yLTUuanBnIiwic2xpZGVzaG93IjoiYWxsLTE2N2NiODYifQ%3D%3D\">\n\t\t\t\t\t<div class=\"e-gallery-image elementor-gallery-item__image\" data-thumbnail=\"https:\/\/www.branypo.sk\/wp-content\/uploads\/2023\/05\/garage-door-home-owner-and-renovator-5-300x206.jpg\" data-width=\"300\" data-height=\"206\" alt=\"\" ><\/div>\n\t\t\t\t\t\t\t\t\t\t\t<div class=\"elementor-gallery-item__overlay\"><\/div>\n\t\t\t\t\t\t\t\t\t\t\t\t\t\t<\/a>\n\t\t\t\t\t\t\t<a class=\"e-gallery-item elementor-gallery-item elementor-animated-content\" href=\"https:\/\/www.branypo.sk\/wp-content\/uploads\/2022\/08\/pohony.jpg\" data-elementor-open-lightbox=\"yes\" data-elementor-lightbox-slideshow=\"all-167cb86\" data-elementor-lightbox-title=\"pohony\" data-e-action-hash=\"#elementor-action%3Aaction%3Dlightbox%26settings%3DeyJpZCI6MjAyOSwidXJsIjoiaHR0cHM6XC9cL3d3dy5icmFueXBvLnNrXC93cC1jb250ZW50XC91cGxvYWRzXC8yMDIyXC8wOFwvcG9ob255LmpwZyIsInNsaWRlc2hvdyI6ImFsbC0xNjdjYjg2In0%3D\">\n\t\t\t\t\t<div class=\"e-gallery-image elementor-gallery-item__image\" data-thumbnail=\"https:\/\/www.branypo.sk\/wp-content\/uploads\/2022\/08\/pohony-300x215.jpg\" data-width=\"300\" data-height=\"215\" alt=\"\" ><\/div>\n\t\t\t\t\t\t\t\t\t\t\t<div class=\"elementor-gallery-item__overlay\"><\/div>\n\t\t\t\t\t\t\t\t\t\t\t\t\t\t<\/a>\n\t\t\t\t\t\t\t<a class=\"e-gallery-item elementor-gallery-item elementor-animated-content\" href=\"https:\/\/www.branypo.sk\/wp-content\/uploads\/2021\/10\/vnutorne-dvere.jpg\" data-elementor-open-lightbox=\"yes\" data-elementor-lightbox-slideshow=\"all-167cb86\" data-elementor-lightbox-title=\"vnutorne dvere\" data-e-action-hash=\"#elementor-action%3Aaction%3Dlightbox%26settings%3DeyJpZCI6MTQ2MywidXJsIjoiaHR0cHM6XC9cL3d3dy5icmFueXBvLnNrXC93cC1jb250ZW50XC91cGxvYWRzXC8yMDIxXC8xMFwvdm51dG9ybmUtZHZlcmUuanBnIiwic2xpZGVzaG93IjoiYWxsLTE2N2NiODYifQ%3D%3D\">\n\t\t\t\t\t<div class=\"e-gallery-image elementor-gallery-item__image\" data-thumbnail=\"https:\/\/www.branypo.sk\/wp-content\/uploads\/2021\/10\/vnutorne-dvere-300x154.jpg\" data-width=\"300\" data-height=\"154\" alt=\"\" ><\/div>\n\t\t\t\t\t\t\t\t\t\t\t<div class=\"elementor-gallery-item__overlay\"><\/div>\n\t\t\t\t\t\t\t\t\t\t\t\t\t\t<\/a>\n\t\t\t\t\t\t\t<a class=\"e-gallery-item elementor-gallery-item elementor-animated-content\" href=\"https:\/\/www.branypo.sk\/wp-content\/uploads\/2021\/10\/domace-a-vstupne-dvere.jpg\" data-elementor-open-lightbox=\"yes\" data-elementor-lightbox-slideshow=\"all-167cb86\" data-elementor-lightbox-title=\"domace a vstupne dvere\" data-e-action-hash=\"#elementor-action%3Aaction%3Dlightbox%26settings%3DeyJpZCI6MTQ0NywidXJsIjoiaHR0cHM6XC9cL3d3dy5icmFueXBvLnNrXC93cC1jb250ZW50XC91cGxvYWRzXC8yMDIxXC8xMFwvZG9tYWNlLWEtdnN0dXBuZS1kdmVyZS5qcGciLCJzbGlkZXNob3ciOiJhbGwtMTY3Y2I4NiJ9\">\n\t\t\t\t\t<div class=\"e-gallery-image elementor-gallery-item__image\" data-thumbnail=\"https:\/\/www.branypo.sk\/wp-content\/uploads\/2021\/10\/domace-a-vstupne-dvere-300x110.jpg\" data-width=\"300\" data-height=\"110\" alt=\"\" ><\/div>\n\t\t\t\t\t\t\t\t\t\t\t<div class=\"elementor-gallery-item__overlay\"><\/div>\n\t\t\t\t\t\t\t\t\t\t\t\t\t\t<\/a>\n\t\t\t\t\t\t\t<a class=\"e-gallery-item elementor-gallery-item elementor-animated-content\" href=\"https:\/\/www.branypo.sk\/wp-content\/uploads\/2021\/10\/hlinikove-domace-dvere.jpg\" data-elementor-open-lightbox=\"yes\" data-elementor-lightbox-slideshow=\"all-167cb86\" data-elementor-lightbox-title=\"hlinikove domace dvere\" data-e-action-hash=\"#elementor-action%3Aaction%3Dlightbox%26settings%3DeyJpZCI6MTQ0MSwidXJsIjoiaHR0cHM6XC9cL3d3dy5icmFueXBvLnNrXC93cC1jb250ZW50XC91cGxvYWRzXC8yMDIxXC8xMFwvaGxpbmlrb3ZlLWRvbWFjZS1kdmVyZS5qcGciLCJzbGlkZXNob3ciOiJhbGwtMTY3Y2I4NiJ9\">\n\t\t\t\t\t<div class=\"e-gallery-image elementor-gallery-item__image\" data-thumbnail=\"https:\/\/www.branypo.sk\/wp-content\/uploads\/2021\/10\/hlinikove-domace-dvere-300x110.jpg\" data-width=\"300\" data-height=\"110\" alt=\"\" ><\/div>\n\t\t\t\t\t\t\t\t\t\t\t<div class=\"elementor-gallery-item__overlay\"><\/div>\n\t\t\t\t\t\t\t\t\t\t\t\t\t\t<\/a>\n\t\t\t\t\t\t\t<a class=\"e-gallery-item elementor-gallery-item elementor-animated-content\" href=\"https:\/\/www.branypo.sk\/wp-content\/uploads\/2021\/10\/garazova-rolovacia-brana.jpg\" data-elementor-open-lightbox=\"yes\" data-elementor-lightbox-slideshow=\"all-167cb86\" data-elementor-lightbox-title=\"garazova rolovacia brana\" data-e-action-hash=\"#elementor-action%3Aaction%3Dlightbox%26settings%3DeyJpZCI6MTQwOSwidXJsIjoiaHR0cHM6XC9cL3d3dy5icmFueXBvLnNrXC93cC1jb250ZW50XC91cGxvYWRzXC8yMDIxXC8xMFwvZ2FyYXpvdmEtcm9sb3ZhY2lhLWJyYW5hLmpwZyIsInNsaWRlc2hvdyI6ImFsbC0xNjdjYjg2In0%3D\">\n\t\t\t\t\t<div class=\"e-gallery-image elementor-gallery-item__image\" data-thumbnail=\"https:\/\/www.branypo.sk\/wp-content\/uploads\/2021\/10\/garazova-rolovacia-brana-300x110.jpg\" data-width=\"300\" data-height=\"110\" alt=\"\" ><\/div>\n\t\t\t\t\t\t\t\t\t\t\t<div class=\"elementor-gallery-item__overlay\"><\/div>\n\t\t\t\t\t\t\t\t\t\t\t\t\t\t<\/a>\n\t\t\t\t\t\t\t<a class=\"e-gallery-item elementor-gallery-item elementor-animated-content\" href=\"https:\/\/www.branypo.sk\/wp-content\/uploads\/2021\/10\/do-boku-posuvna-rolovacia-brana.jpg\" data-elementor-open-lightbox=\"yes\" data-elementor-lightbox-slideshow=\"all-167cb86\" data-elementor-lightbox-title=\"do boku posuvna rolovacia brana\" data-e-action-hash=\"#elementor-action%3Aaction%3Dlightbox%26settings%3DeyJpZCI6MTQxNCwidXJsIjoiaHR0cHM6XC9cL3d3dy5icmFueXBvLnNrXC93cC1jb250ZW50XC91cGxvYWRzXC8yMDIxXC8xMFwvZG8tYm9rdS1wb3N1dm5hLXJvbG92YWNpYS1icmFuYS5qcGciLCJzbGlkZXNob3ciOiJhbGwtMTY3Y2I4NiJ9\">\n\t\t\t\t\t<div class=\"e-gallery-image elementor-gallery-item__image\" data-thumbnail=\"https:\/\/www.branypo.sk\/wp-content\/uploads\/2021\/10\/do-boku-posuvna-rolovacia-brana-300x110.jpg\" data-width=\"300\" data-height=\"110\" alt=\"\" ><\/div>\n\t\t\t\t\t\t\t\t\t\t\t<div class=\"elementor-gallery-item__overlay\"><\/div>\n\t\t\t\t\t\t\t\t\t\t\t\t\t\t<\/a>\n\t\t\t\t\t<\/div>\n\t\t\t\t\t<\/div>\n\t\t\t\t<\/div>\n\t\t\t\t\t<\/div>\n\t\t<\/div>\n\t\t\t\t\t<\/div>\n\t\t<\/section>\n\t\t\t\t<\/div>\n\t\t","protected":false},"excerpt":{"rendered":"<p>Uk\u00e1\u017eka na\u0161ich pr\u00e1c<\/p>\n","protected":false},"author":1,"featured_media":0,"parent":0,"menu_order":0,"comment_status":"closed","ping_status":"closed","template":"elementor_header_footer","meta":{"footnotes":""},"class_list":["post-1810","page","type-page","status-publish","hentry"],"_links":{"self":[{"href":"https:\/\/www.branypo.sk\/index.php\/wp-json\/wp\/v2\/pages\/1810","targetHints":{"allow":["GET"]}}],"collection":[{"href":"https:\/\/www.branypo.sk\/index.php\/wp-json\/wp\/v2\/pages"}],"about":[{"href":"https:\/\/www.branypo.sk\/index.php\/wp-json\/wp\/v2\/types\/page"}],"author":[{"embeddable":true,"href":"https:\/\/www.branypo.sk\/index.php\/wp-json\/wp\/v2\/users\/1"}],"replies":[{"embeddable":true,"href":"https:\/\/www.branypo.sk\/index.php\/wp-json\/wp\/v2\/comments?post=1810"}],"version-history":[{"count":20,"href":"https:\/\/www.branypo.sk\/index.php\/wp-json\/wp\/v2\/pages\/1810\/revisions"}],"predecessor-version":[{"id":2071,"href":"https:\/\/www.branypo.sk\/index.php\/wp-json\/wp\/v2\/pages\/1810\/revisions\/2071"}],"wp:attachment":[{"href":"https:\/\/www.branypo.sk\/index.php\/wp-json\/wp\/v2\/media?parent=1810"}],"curies":[{"name":"wp","href":"https:\/\/api.w.org\/{rel}","templated":true}]}}