{"id":1102,"date":"2021-09-21T20:37:11","date_gmt":"2021-09-21T18:37:11","guid":{"rendered":"https:\/\/www.branypo.sk\/?page_id=1102"},"modified":"2023-05-23T11:18:34","modified_gmt":"2023-05-23T09:18:34","slug":"o-nas","status":"publish","type":"page","link":"https:\/\/www.branypo.sk\/index.php\/o-nas\/","title":{"rendered":"O n\u00e1s"},"content":{"rendered":"\t\t<div data-elementor-type=\"wp-page\" data-elementor-id=\"1102\" class=\"elementor elementor-1102\">\n\t\t\t\t\t\t<section class=\"elementor-section elementor-top-section elementor-element elementor-element-f638148 elementor-section-boxed elementor-section-height-default elementor-section-height-default wpr-particle-no wpr-jarallax-no wpr-parallax-no wpr-sticky-section-no\" data-id=\"f638148\" data-element_type=\"section\">\n\t\t\t\t\t\t<div class=\"elementor-container elementor-column-gap-default\">\n\t\t\t\t\t<div class=\"elementor-column elementor-col-100 elementor-top-column elementor-element elementor-element-1493880\" data-id=\"1493880\" data-element_type=\"column\">\n\t\t\t<div class=\"elementor-widget-wrap elementor-element-populated\">\n\t\t\t\t\t\t<div class=\"elementor-element elementor-element-e4e1200 elementor-widget elementor-widget-heading\" data-id=\"e4e1200\" data-element_type=\"widget\" data-widget_type=\"heading.default\">\n\t\t\t\t<div class=\"elementor-widget-container\">\n\t\t\t\t\t<h2 class=\"elementor-heading-title elementor-size-default\">O spolo\u010dnosti DMH Profi s.r.o.<\/h2>\t\t\t\t<\/div>\n\t\t\t\t<\/div>\n\t\t\t\t\t<\/div>\n\t\t<\/div>\n\t\t\t\t\t<\/div>\n\t\t<\/section>\n\t\t\t\t<section class=\"elementor-section elementor-top-section elementor-element elementor-element-5fd33a0 elementor-section-boxed elementor-section-height-default elementor-section-height-default wpr-particle-no wpr-jarallax-no wpr-parallax-no wpr-sticky-section-no\" data-id=\"5fd33a0\" data-element_type=\"section\">\n\t\t\t\t\t\t<div class=\"elementor-container elementor-column-gap-default\">\n\t\t\t\t\t<div class=\"elementor-column elementor-col-100 elementor-top-column elementor-element elementor-element-a3d1ee0\" data-id=\"a3d1ee0\" data-element_type=\"column\">\n\t\t\t<div class=\"elementor-widget-wrap elementor-element-populated\">\n\t\t\t\t\t\t<div class=\"elementor-element elementor-element-5fbbaf4 elementor-widget elementor-widget-text-editor\" data-id=\"5fbbaf4\" data-element_type=\"widget\" data-widget_type=\"text-editor.default\">\n\t\t\t\t<div class=\"elementor-widget-container\">\n\t\t\t\t\t\t\t\t\t<ul>\n \t<li>Sme ofici\u00e1lnym autorizovan\u00fdm predajcom spolo\u010dnosti H\u00d6RMANN\u00a0 Slovensk\u00e1 republika.<\/li><br>\n \t<li>Od za\u010diatku p\u00f4sobenia sa zameriavame na predaj a servis \u0161irokej palety produktov zna\u010dky\u00a0 H\u00d6RMANN.<\/li><br>\n \t<li>Za tie roky m\u00e1 na\u0161a firma dlhoro\u010dn\u00e9 sk\u00fasenosti a ve\u013ea spokojn\u00fdch z\u00e1kazn\u00edkov.<\/li><br>\n<\/ul>\t\t\t\t\t\t\t\t<\/div>\n\t\t\t\t<\/div>\n\t\t\t\t\t<\/div>\n\t\t<\/div>\n\t\t\t\t\t<\/div>\n\t\t<\/section>\n\t\t\t\t<section class=\"elementor-section elementor-top-section elementor-element elementor-element-d11bce7 elementor-section-boxed elementor-section-height-default elementor-section-height-default wpr-particle-no wpr-jarallax-no wpr-parallax-no wpr-sticky-section-no\" data-id=\"d11bce7\" data-element_type=\"section\">\n\t\t\t\t\t\t<div class=\"elementor-container elementor-column-gap-default\">\n\t\t\t\t\t<div class=\"elementor-column elementor-col-100 elementor-top-column elementor-element elementor-element-51e2657\" data-id=\"51e2657\" data-element_type=\"column\">\n\t\t\t<div class=\"elementor-widget-wrap elementor-element-populated\">\n\t\t\t\t\t\t<div class=\"elementor-element elementor-element-5fd92db elementor-widget elementor-widget-gallery\" data-id=\"5fd92db\" data-element_type=\"widget\" data-settings=\"{&quot;lazyload&quot;:&quot;yes&quot;,&quot;gallery_layout&quot;:&quot;grid&quot;,&quot;columns&quot;:4,&quot;columns_tablet&quot;:2,&quot;columns_mobile&quot;:1,&quot;gap&quot;:{&quot;unit&quot;:&quot;px&quot;,&quot;size&quot;:10,&quot;sizes&quot;:[]},&quot;gap_tablet&quot;:{&quot;unit&quot;:&quot;px&quot;,&quot;size&quot;:10,&quot;sizes&quot;:[]},&quot;gap_mobile&quot;:{&quot;unit&quot;:&quot;px&quot;,&quot;size&quot;:10,&quot;sizes&quot;:[]},&quot;link_to&quot;:&quot;file&quot;,&quot;aspect_ratio&quot;:&quot;3:2&quot;,&quot;overlay_background&quot;:&quot;yes&quot;,&quot;content_hover_animation&quot;:&quot;fade-in&quot;}\" data-widget_type=\"gallery.default\">\n\t\t\t\t<div class=\"elementor-widget-container\">\n\t\t\t\t\t\t\t<div class=\"elementor-gallery__container\">\n\t\t\t\t\t\t\t<a class=\"e-gallery-item elementor-gallery-item elementor-animated-content\" href=\"https:\/\/www.branypo.sk\/wp-content\/uploads\/2022\/04\/GALLERY4-scaled.jpg\" data-elementor-open-lightbox=\"yes\" data-elementor-lightbox-slideshow=\"all-5fd92db\" data-elementor-lightbox-title=\"GALLERY4\" data-e-action-hash=\"#elementor-action%3Aaction%3Dlightbox%26settings%3DeyJpZCI6MTg2OSwidXJsIjoiaHR0cHM6XC9cL3d3dy5icmFueXBvLnNrXC93cC1jb250ZW50XC91cGxvYWRzXC8yMDIyXC8wNFwvR0FMTEVSWTQtc2NhbGVkLmpwZyIsInNsaWRlc2hvdyI6ImFsbC01ZmQ5MmRiIn0%3D\">\n\t\t\t\t\t<div class=\"e-gallery-image elementor-gallery-item__image\" data-thumbnail=\"https:\/\/www.branypo.sk\/wp-content\/uploads\/2022\/04\/GALLERY4-169x300.jpg\" data-width=\"169\" data-height=\"300\" alt=\"\" ><\/div>\n\t\t\t\t\t\t\t\t\t\t\t<div class=\"elementor-gallery-item__overlay\"><\/div>\n\t\t\t\t\t\t\t\t\t\t\t\t\t\t<\/a>\n\t\t\t\t\t\t\t<a class=\"e-gallery-item elementor-gallery-item elementor-animated-content\" href=\"https:\/\/www.branypo.sk\/wp-content\/uploads\/2022\/04\/GALLERY1-scaled.jpg\" data-elementor-open-lightbox=\"yes\" data-elementor-lightbox-slideshow=\"all-5fd92db\" data-elementor-lightbox-title=\"GALLERY1\" data-e-action-hash=\"#elementor-action%3Aaction%3Dlightbox%26settings%3DeyJpZCI6MTg2NiwidXJsIjoiaHR0cHM6XC9cL3d3dy5icmFueXBvLnNrXC93cC1jb250ZW50XC91cGxvYWRzXC8yMDIyXC8wNFwvR0FMTEVSWTEtc2NhbGVkLmpwZyIsInNsaWRlc2hvdyI6ImFsbC01ZmQ5MmRiIn0%3D\">\n\t\t\t\t\t<div class=\"e-gallery-image elementor-gallery-item__image\" data-thumbnail=\"https:\/\/www.branypo.sk\/wp-content\/uploads\/2022\/04\/GALLERY1-169x300.jpg\" data-width=\"169\" data-height=\"300\" alt=\"\" ><\/div>\n\t\t\t\t\t\t\t\t\t\t\t<div class=\"elementor-gallery-item__overlay\"><\/div>\n\t\t\t\t\t\t\t\t\t\t\t\t\t\t<\/a>\n\t\t\t\t\t\t\t<a class=\"e-gallery-item elementor-gallery-item elementor-animated-content\" href=\"https:\/\/www.branypo.sk\/wp-content\/uploads\/2022\/04\/GALLERY2-scaled.jpg\" data-elementor-open-lightbox=\"yes\" data-elementor-lightbox-slideshow=\"all-5fd92db\" data-elementor-lightbox-title=\"GALLERY2\" data-e-action-hash=\"#elementor-action%3Aaction%3Dlightbox%26settings%3DeyJpZCI6MTg2NywidXJsIjoiaHR0cHM6XC9cL3d3dy5icmFueXBvLnNrXC93cC1jb250ZW50XC91cGxvYWRzXC8yMDIyXC8wNFwvR0FMTEVSWTItc2NhbGVkLmpwZyIsInNsaWRlc2hvdyI6ImFsbC01ZmQ5MmRiIn0%3D\">\n\t\t\t\t\t<div class=\"e-gallery-image elementor-gallery-item__image\" data-thumbnail=\"https:\/\/www.branypo.sk\/wp-content\/uploads\/2022\/04\/GALLERY2-300x169.jpg\" data-width=\"300\" data-height=\"169\" alt=\"\" ><\/div>\n\t\t\t\t\t\t\t\t\t\t\t<div class=\"elementor-gallery-item__overlay\"><\/div>\n\t\t\t\t\t\t\t\t\t\t\t\t\t\t<\/a>\n\t\t\t\t\t\t\t<a class=\"e-gallery-item elementor-gallery-item elementor-animated-content\" href=\"https:\/\/www.branypo.sk\/wp-content\/uploads\/2022\/04\/GALLERY3-scaled.jpg\" data-elementor-open-lightbox=\"yes\" data-elementor-lightbox-slideshow=\"all-5fd92db\" data-elementor-lightbox-title=\"GALLERY3\" data-e-action-hash=\"#elementor-action%3Aaction%3Dlightbox%26settings%3DeyJpZCI6MTg2OCwidXJsIjoiaHR0cHM6XC9cL3d3dy5icmFueXBvLnNrXC93cC1jb250ZW50XC91cGxvYWRzXC8yMDIyXC8wNFwvR0FMTEVSWTMtc2NhbGVkLmpwZyIsInNsaWRlc2hvdyI6ImFsbC01ZmQ5MmRiIn0%3D\">\n\t\t\t\t\t<div class=\"e-gallery-image elementor-gallery-item__image\" data-thumbnail=\"https:\/\/www.branypo.sk\/wp-content\/uploads\/2022\/04\/GALLERY3-300x169.jpg\" data-width=\"300\" data-height=\"169\" alt=\"\" ><\/div>\n\t\t\t\t\t\t\t\t\t\t\t<div class=\"elementor-gallery-item__overlay\"><\/div>\n\t\t\t\t\t\t\t\t\t\t\t\t\t\t<\/a>\n\t\t\t\t\t<\/div>\n\t\t\t\t\t<\/div>\n\t\t\t\t<\/div>\n\t\t\t\t\t<\/div>\n\t\t<\/div>\n\t\t\t\t\t<\/div>\n\t\t<\/section>\n\t\t\t\t<\/div>\n\t\t","protected":false},"excerpt":{"rendered":"<p>O spolo\u010dnosti DMH Profi s.r.o. Sme ofici\u00e1lnym autorizovan\u00fdm predajcom spolo\u010dnosti H\u00d6RMANN\u00a0 Slovensk\u00e1 republika. Od za\u010diatku p\u00f4sobenia sa zameriavame na predaj a servis \u0161irokej palety produktov zna\u010dky\u00a0 H\u00d6RMANN. Za tie roky m\u00e1 na\u0161a firma dlhoro\u010dn\u00e9 sk\u00fasenosti a ve\u013ea spokojn\u00fdch z\u00e1kazn\u00edkov.<\/p>\n","protected":false},"author":1,"featured_media":0,"parent":0,"menu_order":0,"comment_status":"closed","ping_status":"closed","template":"elementor_header_footer","meta":{"footnotes":""},"class_list":["post-1102","page","type-page","status-publish","hentry"],"_links":{"self":[{"href":"https:\/\/www.branypo.sk\/index.php\/wp-json\/wp\/v2\/pages\/1102","targetHints":{"allow":["GET"]}}],"collection":[{"href":"https:\/\/www.branypo.sk\/index.php\/wp-json\/wp\/v2\/pages"}],"about":[{"href":"https:\/\/www.branypo.sk\/index.php\/wp-json\/wp\/v2\/types\/page"}],"author":[{"embeddable":true,"href":"https:\/\/www.branypo.sk\/index.php\/wp-json\/wp\/v2\/users\/1"}],"replies":[{"embeddable":true,"href":"https:\/\/www.branypo.sk\/index.php\/wp-json\/wp\/v2\/comments?post=1102"}],"version-history":[{"count":34,"href":"https:\/\/www.branypo.sk\/index.php\/wp-json\/wp\/v2\/pages\/1102\/revisions"}],"predecessor-version":[{"id":2087,"href":"https:\/\/www.branypo.sk\/index.php\/wp-json\/wp\/v2\/pages\/1102\/revisions\/2087"}],"wp:attachment":[{"href":"https:\/\/www.branypo.sk\/index.php\/wp-json\/wp\/v2\/media?parent=1102"}],"curies":[{"name":"wp","href":"https:\/\/api.w.org\/{rel}","templated":true}]}}